{"id":704,"date":"2022-06-15T16:54:33","date_gmt":"2022-06-15T16:54:33","guid":{"rendered":"http:\/\/icmtbarcelona.com\/?page_id=704"},"modified":"2026-03-09T15:03:44","modified_gmt":"2026-03-09T15:03:44","slug":"projectes-icmt","status":"publish","type":"page","link":"https:\/\/icmtbarcelona.com\/es\/projectes-icmt\/","title":{"rendered":"Proyectos"},"content":{"rendered":"","protected":false},"excerpt":{"rendered":"","protected":false},"author":1,"featured_media":0,"parent":0,"menu_order":0,"comment_status":"closed","ping_status":"closed","template":"","meta":{"_et_pb_use_builder":"on","_et_pb_old_content":"","_et_gb_content_width":""},"yoast_head":"<!-- This site is optimized with the Yoast SEO plugin v19.9 - https:\/\/yoast.com\/wordpress\/plugins\/seo\/ -->\n<title>Projectes - Institut Catal\u00e0 de Musicoter\u00e0pia<\/title>\n<meta name=\"description\" content=\"Projectes de l&#039;Institut Catal\u00e0 de Musicoter\u00e0pia. Profesionals que tracten capacitats especials, TCA, ansietat, etc.\" \/>\n<meta name=\"robots\" content=\"index, follow, max-snippet:-1, max-image-preview:large, max-video-preview:-1\" \/>\n<link rel=\"canonical\" href=\"https:\/\/icmtbarcelona.com\/es\/projectes-icmt\/\" \/>\n<meta property=\"og:locale\" content=\"es_ES\" \/>\n<meta property=\"og:type\" content=\"article\" \/>\n<meta property=\"og:title\" content=\"Projectes - Institut Catal\u00e0 de Musicoter\u00e0pia\" \/>\n<meta property=\"og:description\" content=\"Projectes de l&#039;Institut Catal\u00e0 de Musicoter\u00e0pia. Profesionals que tracten capacitats especials, TCA, ansietat, etc.\" \/>\n<meta property=\"og:url\" content=\"https:\/\/icmtbarcelona.com\/es\/projectes-icmt\/\" \/>\n<meta property=\"og:site_name\" content=\"Institut Catal\u00e0 de Musicoter\u00e0pia\" \/>\n<meta property=\"article:modified_time\" content=\"2026-03-09T15:03:44+00:00\" \/>\n<meta name=\"twitter:card\" content=\"summary_large_image\" \/>\n<script type=\"application\/ld+json\" class=\"yoast-schema-graph\">{\"@context\":\"https:\/\/schema.org\",\"@graph\":[{\"@type\":\"WebPage\",\"@id\":\"https:\/\/icmtbarcelona.com\/projectes-icmt\/\",\"url\":\"https:\/\/icmtbarcelona.com\/projectes-icmt\/\",\"name\":\"Projectes - Institut Catal\u00e0 de Musicoter\u00e0pia\",\"isPartOf\":{\"@id\":\"https:\/\/icmtbarcelona.com\/#website\"},\"datePublished\":\"2022-06-15T16:54:33+00:00\",\"dateModified\":\"2026-03-09T15:03:44+00:00\",\"description\":\"Projectes de l'Institut Catal\u00e0 de Musicoter\u00e0pia. Profesionals que tracten capacitats especials, TCA, ansietat, etc.\",\"breadcrumb\":{\"@id\":\"https:\/\/icmtbarcelona.com\/projectes-icmt\/#breadcrumb\"},\"inLanguage\":\"es\",\"potentialAction\":[{\"@type\":\"ReadAction\",\"target\":[\"https:\/\/icmtbarcelona.com\/projectes-icmt\/\"]}]},{\"@type\":\"BreadcrumbList\",\"@id\":\"https:\/\/icmtbarcelona.com\/projectes-icmt\/#breadcrumb\",\"itemListElement\":[{\"@type\":\"ListItem\",\"position\":1,\"name\":\"Portada\",\"item\":\"https:\/\/icmtbarcelona.com\/\"},{\"@type\":\"ListItem\",\"position\":2,\"name\":\"Projectes\"}]},{\"@type\":\"WebSite\",\"@id\":\"https:\/\/icmtbarcelona.com\/#website\",\"url\":\"https:\/\/icmtbarcelona.com\/\",\"name\":\"Institut Catal\u00e0 de Musicoter\u00e0pia\",\"description\":\"Institut Catal\u00e0 de Musicoter\u00e0pia\",\"potentialAction\":[{\"@type\":\"SearchAction\",\"target\":{\"@type\":\"EntryPoint\",\"urlTemplate\":\"https:\/\/icmtbarcelona.com\/?s={search_term_string}\"},\"query-input\":\"required name=search_term_string\"}],\"inLanguage\":\"es\"}]}<\/script>\n<!-- \/ Yoast SEO plugin. -->","yoast_head_json":{"title":"Projectes - Institut Catal\u00e0 de Musicoter\u00e0pia","description":"Projectes de l'Institut Catal\u00e0 de Musicoter\u00e0pia. Profesionals que tracten capacitats especials, TCA, ansietat, etc.","robots":{"index":"index","follow":"follow","max-snippet":"max-snippet:-1","max-image-preview":"max-image-preview:large","max-video-preview":"max-video-preview:-1"},"canonical":"https:\/\/icmtbarcelona.com\/es\/projectes-icmt\/","og_locale":"es_ES","og_type":"article","og_title":"Projectes - Institut Catal\u00e0 de Musicoter\u00e0pia","og_description":"Projectes de l'Institut Catal\u00e0 de Musicoter\u00e0pia. Profesionals que tracten capacitats especials, TCA, ansietat, etc.","og_url":"https:\/\/icmtbarcelona.com\/es\/projectes-icmt\/","og_site_name":"Institut Catal\u00e0 de Musicoter\u00e0pia","article_modified_time":"2026-03-09T15:03:44+00:00","twitter_card":"summary_large_image","schema":{"@context":"https:\/\/schema.org","@graph":[{"@type":"WebPage","@id":"https:\/\/icmtbarcelona.com\/projectes-icmt\/","url":"https:\/\/icmtbarcelona.com\/projectes-icmt\/","name":"Projectes - Institut Catal\u00e0 de Musicoter\u00e0pia","isPartOf":{"@id":"https:\/\/icmtbarcelona.com\/#website"},"datePublished":"2022-06-15T16:54:33+00:00","dateModified":"2026-03-09T15:03:44+00:00","description":"Projectes de l'Institut Catal\u00e0 de Musicoter\u00e0pia. Profesionals que tracten capacitats especials, TCA, ansietat, etc.","breadcrumb":{"@id":"https:\/\/icmtbarcelona.com\/projectes-icmt\/#breadcrumb"},"inLanguage":"es","potentialAction":[{"@type":"ReadAction","target":["https:\/\/icmtbarcelona.com\/projectes-icmt\/"]}]},{"@type":"BreadcrumbList","@id":"https:\/\/icmtbarcelona.com\/projectes-icmt\/#breadcrumb","itemListElement":[{"@type":"ListItem","position":1,"name":"Portada","item":"https:\/\/icmtbarcelona.com\/"},{"@type":"ListItem","position":2,"name":"Projectes"}]},{"@type":"WebSite","@id":"https:\/\/icmtbarcelona.com\/#website","url":"https:\/\/icmtbarcelona.com\/","name":"Institut Catal\u00e0 de Musicoter\u00e0pia","description":"Institut Catal\u00e0 de Musicoter\u00e0pia","potentialAction":[{"@type":"SearchAction","target":{"@type":"EntryPoint","urlTemplate":"https:\/\/icmtbarcelona.com\/?s={search_term_string}"},"query-input":"required name=search_term_string"}],"inLanguage":"es"}]}},"_links":{"self":[{"href":"https:\/\/icmtbarcelona.com\/es\/wp-json\/wp\/v2\/pages\/704"}],"collection":[{"href":"https:\/\/icmtbarcelona.com\/es\/wp-json\/wp\/v2\/pages"}],"about":[{"href":"https:\/\/icmtbarcelona.com\/es\/wp-json\/wp\/v2\/types\/page"}],"author":[{"embeddable":true,"href":"https:\/\/icmtbarcelona.com\/es\/wp-json\/wp\/v2\/users\/1"}],"replies":[{"embeddable":true,"href":"https:\/\/icmtbarcelona.com\/es\/wp-json\/wp\/v2\/comments?post=704"}],"version-history":[{"count":63,"href":"https:\/\/icmtbarcelona.com\/es\/wp-json\/wp\/v2\/pages\/704\/revisions"}],"predecessor-version":[{"id":1650,"href":"https:\/\/icmtbarcelona.com\/es\/wp-json\/wp\/v2\/pages\/704\/revisions\/1650"}],"wp:attachment":[{"href":"https:\/\/icmtbarcelona.com\/es\/wp-json\/wp\/v2\/media?parent=704"}],"curies":[{"name":"wp","href":"https:\/\/api.w.org\/{rel}","templated":true}]}}