{"id":3,"date":"2018-05-27T19:41:47","date_gmt":"2018-05-27T19:41:47","guid":{"rendered":"http:\/\/icmtbarcelona.com\/?page_id=3"},"modified":"2022-07-19T20:03:02","modified_gmt":"2022-07-19T20:03:02","slug":"politica-de-privacitat","status":"publish","type":"page","link":"https:\/\/icmtbarcelona.com\/es\/politica-de-privacitat\/","title":{"rendered":"Pol\u00edtica de privacitat"},"content":{"rendered":"<p>[et_pb_section fb_built=&#8221;1&#8243; _builder_version=&#8221;3.22&#8243;][et_pb_row _builder_version=&#8221;3.25&#8243; background_size=&#8221;initial&#8221; background_position=&#8221;top_left&#8221; background_repeat=&#8221;repeat&#8221;][et_pb_column type=&#8221;4_4&#8243; _builder_version=&#8221;3.25&#8243; custom_padding=&#8221;|||&#8221; custom_padding__hover=&#8221;|||&#8221;][et_pb_text _builder_version=&#8221;3.27.4&#8243; background_size=&#8221;initial&#8221; background_position=&#8221;top_left&#8221; background_repeat=&#8221;repeat&#8221;]<\/p>\n<p class=\" translation-block\"><strong>Qui\u00e9nes somos<\/strong><br>Instituto Catal\u00e1n de Musicoterapia y psicoterapia.<br>Nuestra direcci\u00f3n web es: http:\/\/icmtbarcelona.com.<\/p>\n<p><strong>Qu\u00e9 datos personales recogemos y por qu\u00e9 los recogemos<\/strong><\/p>\n<ol>\n<li>Comentarios: Cuando los visitantes dejan comentarios en el sitio, recogemos los datos que se muestran en el formulario de comentarios, as\u00ed como la direcci\u00f3n IP del visitante y la cadena de agente de usuario del navegador para ayudar a la detecci\u00f3n de spam.<\/li>\n<li>Medios de comunicaci\u00f3n: Si carga im\u00e1genes en el sitio web, deber\u00eda evitar colgar im\u00e1genes con datos de ubicaci\u00f3n incluidos (GPS EXIF) incluidos. Los visitantes del sitio web pueden descargar y extraer cualquier dato de ubicaci\u00f3n de las im\u00e1genes del sitio web.<\/li>\n<li>Formularios de contacto<\/li>\n<li>Cookies: Si deja un comentario en nuestro sitio, puede optar por guardar su nombre, direcci\u00f3n de correo electr\u00f3nico y sitio web en las cookies. \u00c9stas son para tu comodidad para que no tengas que rellenar tus datos de nuevo cuando dejas otro comentario. Estas galletas durar\u00e1n un a\u00f1o.<\/li>\n<li>Contenido incrustado de otros sitios web: Los art\u00edculos de este sitio pueden incluir contenido incrustado (por ejemplo, v\u00eddeos, im\u00e1genes, art\u00edculos, etc.). El contenido incrustado de otros sitios web se comporta exactamente de la misma forma que si el visitante hubiera visitado el otro sitio web. Estos sitios web pueden recopilar datos sobre usted, utilizar cookies, incrustar un seguimiento adicional de terceros y controlar su interacci\u00f3n con este contenido incrustado, incluido el seguimiento de su interacci\u00f3n con el contenido incrustado si tiene una cuenta y ha iniciado sesi\u00f3n en este sitio web.<\/li>\n<li>Anal\u00edtica<\/li>\n<\/ol>\n<p><strong>Con quien compartimos tus datos y cu\u00e1nto tiempo los guardamos<\/strong><br \/>Si deja un comentario, el comentario y sus metadatos se conservan indefinidamente. Esto se debe a que podamos reconocer y aprobar cualquier comentario de seguimiento autom\u00e1ticamente en lugar de mantenerlos en una cola de moderaci\u00f3n.<\/p>\n<p class=\" translation-block\"><strong>Qu\u00e9 derechos tienes sobre tus datos<\/strong><br>Si tiene una cuenta en este sitio o ha dejado comentarios, puede solicitar recibir un archivo exportado de los datos personales que tenemos sobre ustedes, incluidos los datos que nos haya proporcionado. Tambi\u00e9n puede solicitar que borremos los datos personales que tenemos sobre usted. Esto no incluye ning\u00fan dato que estamos obligados a conservar con fines administrativos, legales o de seguridad. Puede solicitarlo escribi\u00e9ndonos a: <a href=\"mailto:info@icmtbarcelona.com\" target=\"_self\">info@icmtbarcelona.com.<\/a><\/p>\n<p class=\" translation-block\"><strong>Ad\u00f3nde enviamos tus datos<\/strong><br>Los comentarios de los visitantes se pueden comprobar mediante un servicio automatizado de detecci\u00f3n de spam.<\/p>\n<p>[\/et_pb_text][\/et_pb_column][\/et_pb_row][\/et_pb_section][et_pb_section fb_built=&#8221;1&#8243; admin_label=&#8221;Get In Touch Section&#8221; _builder_version=&#8221;4.5.3&#8243; background_color=&#8221;#ffffff&#8221; background_color_gradient_direction=&#8221;179deg&#8221; min_height=&#8221;261px&#8221; custom_padding=&#8221;0px||0px||true|&#8221;][et_pb_row column_structure=&#8221;1_4,1_4,1_4,1_4&#8243; _builder_version=&#8221;4.5.3&#8243; custom_margin=&#8221;1px|auto||auto||&#8221; custom_padding=&#8221;||10px|&#8221;][et_pb_column type=&#8221;1_4&#8243; _builder_version=&#8221;3.25&#8243; custom_padding=&#8221;|||&#8221; custom_padding__hover=&#8221;|||&#8221;][et_pb_image src=&#8221;https:\/\/icmtbarcelona.com\/wp-content\/uploads\/2022\/07\/POSITIVO.png&#8221; alt=&#8221;Nou Imagotip Institut Catal\u00e0 de Musicoter\u00e0pia&#8221; title_text=&#8221;Nou Imagotip Institut Catal\u00e0 de Musicoter\u00e0pia&#8221; _builder_version=&#8221;4.5.3&#8243; _module_preset=&#8221;default&#8221;][\/et_pb_image][\/et_pb_column][et_pb_column type=&#8221;1_4&#8243; _builder_version=&#8221;4.5.3&#8243; _module_preset=&#8221;default&#8221;][\/et_pb_column][et_pb_column type=&#8221;1_4&#8243; _builder_version=&#8221;4.5.3&#8243; _module_preset=&#8221;default&#8221;][et_pb_text admin_label=&#8221;Title&#8221; _builder_version=&#8221;4.5.3&#8243; text_font=&#8221;Assistant||||||||&#8221; text_text_color=&#8221;#ffffff&#8221; text_font_size=&#8221;10px&#8221; header_font=&#8221;||||||||&#8221; header_2_font=&#8221;Assistant|800|||||||&#8221; header_2_text_color=&#8221;#000000&#8243; header_2_font_size=&#8221;36px&#8221; header_2_line_height=&#8221;1.2em&#8221; header_3_font=&#8221;||||||||&#8221; text_orientation=&#8221;center&#8221; background_layout=&#8221;dark&#8221; max_width=&#8221;477px&#8221; module_alignment=&#8221;center&#8221; custom_margin=&#8221;||0px|&#8221; animation_style=&#8221;fade&#8221; animation_direction=&#8221;left&#8221; animation_starting_opacity=&#8221;100%&#8221; locked=&#8221;off&#8221; inline_fonts=&#8221;Assistant&#8221;]<\/p>\n<h4 style=\"text-align: left;\"><span style=\"font-size: x-large; font-family: Assistant; font-weight: normal; color: #000000;\"><strong>Ver m\u00e1s:<\/strong><\/span><\/h4>\n<p>[\/et_pb_text][et_pb_divider color=&#8221;#107593&#8243; divider_position=&#8221;center&#8221; divider_weight=&#8221;3px&#8221; _builder_version=&#8221;4.5.3&#8243; max_width=&#8221;100px&#8221; module_alignment=&#8221;left&#8221; custom_margin=&#8221;||20px|&#8221; animation_style=&#8221;slide&#8221; animation_direction=&#8221;top&#8221; animation_intensity_slide=&#8221;5%&#8221; animation_starting_opacity=&#8221;100%&#8221; locked=&#8221;off&#8221;][\/et_pb_divider][et_pb_button button_url=&#8221;https:\/\/www.instagram.com\/icmt_barcelonamusictherapy\/&#8221; url_new_window=&#8221;on&#8221; button_text=&#8221;Instagram&#8221; _builder_version=&#8221;4.5.3&#8243; _module_preset=&#8221;default&#8221; custom_button=&#8221;on&#8221; button_text_size=&#8221;17px&#8221; button_text_color=&#8221;#107593&#8243; button_bg_color=&#8221;#64d3ed&#8221; button_border_color=&#8221;#107593&#8243; button_border_radius=&#8221;100px&#8221;][\/et_pb_button][et_pb_button button_url=&#8221;https:\/\/www.facebook.com\/InstitutCataladeMusicoterapia\/&#8221; url_new_window=&#8221;on&#8221; button_text=&#8221;Facebook&#8221; _builder_version=&#8221;4.5.3&#8243; _module_preset=&#8221;default&#8221; custom_button=&#8221;on&#8221; button_text_size=&#8221;17px&#8221; button_text_color=&#8221;#107593&#8243; button_bg_color=&#8221;#64d3ed&#8221; button_border_color=&#8221;#107593&#8243; button_border_radius=&#8221;100px&#8221;][\/et_pb_button][\/et_pb_column][et_pb_column type=&#8221;1_4&#8243; _builder_version=&#8221;3.25&#8243; custom_padding=&#8221;|||&#8221; custom_padding__hover=&#8221;|||&#8221;][et_pb_text admin_label=&#8221;Title&#8221; _builder_version=&#8221;4.5.3&#8243; text_font=&#8221;Assistant||||||||&#8221; text_text_color=&#8221;#ffffff&#8221; text_font_size=&#8221;10px&#8221; header_font=&#8221;||||||||&#8221; header_2_font=&#8221;Assistant|800|||||||&#8221; header_2_text_color=&#8221;#000000&#8243; header_2_font_size=&#8221;36px&#8221; header_2_line_height=&#8221;1.2em&#8221; header_3_font=&#8221;||||||||&#8221; text_orientation=&#8221;center&#8221; background_layout=&#8221;dark&#8221; max_width=&#8221;550px&#8221; module_alignment=&#8221;center&#8221; custom_margin=&#8221;||0px|&#8221; animation_style=&#8221;fade&#8221; animation_direction=&#8221;left&#8221; animation_starting_opacity=&#8221;100%&#8221; locked=&#8221;off&#8221; inline_fonts=&#8221;Assistant&#8221;]<\/p>\n<h4 style=\"text-align: left;\"><span style=\"font-size: large; font-family: Assistant; font-weight: normal; color: #000000;\"><strong><a href=\"https:\/\/icmtbarcelona.com\/es\/\" title=\"Inicio\">Inicio<\/a><\/strong><\/span><\/h4>\n<p>[\/et_pb_text][et_pb_text admin_label=&#8221;Title&#8221; _builder_version=&#8221;4.5.3&#8243; text_font=&#8221;Assistant||||||||&#8221; text_text_color=&#8221;#ffffff&#8221; text_font_size=&#8221;10px&#8221; header_font=&#8221;||||||||&#8221; header_2_font=&#8221;Assistant|800|||||||&#8221; header_2_text_color=&#8221;#000000&#8243; header_2_font_size=&#8221;36px&#8221; header_2_line_height=&#8221;1.2em&#8221; header_3_font=&#8221;||||||||&#8221; text_orientation=&#8221;center&#8221; background_layout=&#8221;dark&#8221; max_width=&#8221;550px&#8221; module_alignment=&#8221;center&#8221; custom_margin=&#8221;||0px|&#8221; animation_style=&#8221;fade&#8221; animation_direction=&#8221;left&#8221; animation_starting_opacity=&#8221;100%&#8221; locked=&#8221;off&#8221; inline_fonts=&#8221;Assistant&#8221;]<\/p>\n<h4 style=\"text-align: left;\"><span style=\"font-size: large; font-family: Assistant; font-weight: normal; color: #000000;\"><strong><a href=\"https:\/\/icmtbarcelona.com\/es\/informacio-de-linstitut\/\" title=\"El Instituto\">El Instituto<\/a><\/strong><\/span><\/h4>\n<p>[\/et_pb_text][et_pb_text admin_label=&#8221;Title&#8221; _builder_version=&#8221;4.5.3&#8243; text_font=&#8221;Assistant||||||||&#8221; text_text_color=&#8221;#ffffff&#8221; text_font_size=&#8221;10px&#8221; header_font=&#8221;||||||||&#8221; header_2_font=&#8221;Assistant|800|||||||&#8221; header_2_text_color=&#8221;#000000&#8243; header_2_font_size=&#8221;36px&#8221; header_2_line_height=&#8221;1.2em&#8221; header_3_font=&#8221;||||||||&#8221; text_orientation=&#8221;center&#8221; background_layout=&#8221;dark&#8221; max_width=&#8221;550px&#8221; module_alignment=&#8221;center&#8221; custom_margin=&#8221;||0px|&#8221; animation_style=&#8221;fade&#8221; animation_direction=&#8221;left&#8221; animation_starting_opacity=&#8221;100%&#8221; locked=&#8221;off&#8221; inline_fonts=&#8221;Assistant&#8221;]<\/p>\n<h4 style=\"text-align: left;\"><span style=\"font-size: large; font-family: Assistant; font-weight: normal; color: #000000;\"><strong><a href=\"https:\/\/icmtbarcelona.com\/es\/serveis\/\" title=\"Servicios\">Servicios<\/a><\/strong><\/span><\/h4>\n<p>[\/et_pb_text][et_pb_text admin_label=&#8221;Title&#8221; _builder_version=&#8221;4.5.3&#8243; text_font=&#8221;Assistant||||||||&#8221; text_text_color=&#8221;#ffffff&#8221; text_font_size=&#8221;10px&#8221; header_font=&#8221;||||||||&#8221; header_2_font=&#8221;Assistant|800|||||||&#8221; header_2_text_color=&#8221;#000000&#8243; header_2_font_size=&#8221;36px&#8221; header_2_line_height=&#8221;1.2em&#8221; header_3_font=&#8221;||||||||&#8221; text_orientation=&#8221;center&#8221; background_layout=&#8221;dark&#8221; max_width=&#8221;550px&#8221; module_alignment=&#8221;center&#8221; custom_margin=&#8221;||0px|&#8221; animation_style=&#8221;fade&#8221; animation_direction=&#8221;left&#8221; animation_starting_opacity=&#8221;100%&#8221; locked=&#8221;off&#8221; inline_fonts=&#8221;Assistant&#8221;]<\/p>\n<h4 style=\"text-align: left;\"><span style=\"font-size: large; font-family: Assistant; font-weight: normal; color: #000000;\"><strong><a href=\"https:\/\/icmtbarcelona.com\/es\/musicoterapia-i-psicoterapia\/\" title=\"Musicoterapia\">Especialidades<\/a><\/strong><\/span><\/h4>\n<p>[\/et_pb_text][et_pb_text admin_label=&#8221;Title&#8221; _builder_version=&#8221;4.5.3&#8243; text_font=&#8221;Assistant||||||||&#8221; text_text_color=&#8221;#ffffff&#8221; text_font_size=&#8221;10px&#8221; header_font=&#8221;||||||||&#8221; header_2_font=&#8221;Assistant|800|||||||&#8221; header_2_text_color=&#8221;#000000&#8243; header_2_font_size=&#8221;36px&#8221; header_2_line_height=&#8221;1.2em&#8221; header_3_font=&#8221;||||||||&#8221; text_orientation=&#8221;center&#8221; background_layout=&#8221;dark&#8221; max_width=&#8221;550px&#8221; module_alignment=&#8221;center&#8221; custom_margin=&#8221;||0px|&#8221; animation_style=&#8221;fade&#8221; animation_direction=&#8221;left&#8221; animation_starting_opacity=&#8221;100%&#8221; locked=&#8221;off&#8221; inline_fonts=&#8221;Assistant&#8221;]<\/p>\n<h4 style=\"text-align: left;\"><span style=\"font-size: large; font-family: Assistant; font-weight: normal; color: #000000;\"><strong><a href=\"https:\/\/icmtbarcelona.com\/es\/projectes-icmt\/\" title=\"Projecte\">Proyectos<\/a><\/strong><\/span><\/h4>\n<p>[\/et_pb_text][et_pb_text admin_label=&#8221;Title&#8221; _builder_version=&#8221;4.5.3&#8243; text_font=&#8221;Assistant||||||||&#8221; text_text_color=&#8221;#ffffff&#8221; text_font_size=&#8221;10px&#8221; header_font=&#8221;||||||||&#8221; header_2_font=&#8221;Assistant|800|||||||&#8221; header_2_text_color=&#8221;#000000&#8243; header_2_font_size=&#8221;36px&#8221; header_2_line_height=&#8221;1.2em&#8221; header_3_font=&#8221;||||||||&#8221; text_orientation=&#8221;center&#8221; background_layout=&#8221;dark&#8221; max_width=&#8221;550px&#8221; module_alignment=&#8221;center&#8221; custom_margin=&#8221;||0px|&#8221; animation_style=&#8221;fade&#8221; animation_direction=&#8221;left&#8221; animation_starting_opacity=&#8221;100%&#8221; locked=&#8221;off&#8221; inline_fonts=&#8221;Assistant&#8221;]<\/p>\n<h4 style=\"text-align: left;\"><span style=\"font-size: large; font-family: Assistant; font-weight: normal; color: #000000;\"><strong><a href=\"https:\/\/icmtbarcelona.com\/es\/master-ub\/\" title=\"M\u00e1ster\">M\u00e1ster<\/a><\/strong><\/span><\/h4>\n<p>[\/et_pb_text][et_pb_text admin_label=&#8221;Title&#8221; _builder_version=&#8221;4.5.3&#8243; text_font=&#8221;Assistant||||||||&#8221; text_text_color=&#8221;#ffffff&#8221; text_font_size=&#8221;10px&#8221; header_font=&#8221;||||||||&#8221; header_2_font=&#8221;Assistant|800|||||||&#8221; header_2_text_color=&#8221;#000000&#8243; header_2_font_size=&#8221;36px&#8221; header_2_line_height=&#8221;1.2em&#8221; header_3_font=&#8221;||||||||&#8221; text_orientation=&#8221;center&#8221; background_layout=&#8221;dark&#8221; max_width=&#8221;550px&#8221; module_alignment=&#8221;center&#8221; custom_margin=&#8221;||0px|&#8221; animation_style=&#8221;fade&#8221; animation_direction=&#8221;left&#8221; animation_starting_opacity=&#8221;100%&#8221; locked=&#8221;off&#8221; inline_fonts=&#8221;Assistant&#8221;]<\/p>\n<h4 style=\"text-align: left;\"><span style=\"font-size: large; font-family: Assistant; font-weight: normal; color: #000000;\"><strong><a href=\"https:\/\/icmtbarcelona.com\/es\/contacte-de-linstitut\/\" title=\"Troba'ns\">Contacto<\/a><\/strong><\/span><\/h4>\n<p>[\/et_pb_text][\/et_pb_column][\/et_pb_row][\/et_pb_section]<\/p>","protected":false},"excerpt":{"rendered":"<p>[et_pb_section fb_built=&#8221;1&#8243; _builder_version=&#8221;3.22&#8243;][et_pb_row _builder_version=&#8221;3.25&#8243; background_size=&#8221;initial&#8221; background_position=&#8221;top_left&#8221; background_repeat=&#8221;repeat&#8221;][et_pb_column type=&#8221;4_4&#8243; _builder_version=&#8221;3.25&#8243; custom_padding=&#8221;|||&#8221; custom_padding__hover=&#8221;|||&#8221;][et_pb_text _builder_version=&#8221;3.27.4&#8243; background_size=&#8221;initial&#8221; background_position=&#8221;top_left&#8221; background_repeat=&#8221;repeat&#8221;] Qui somInstitut Catal\u00e0 de Musicoter\u00e0pia i psicoter\u00e0pia.La nostra adre\u00e7a web \u00e9s: http:\/\/icmtbarcelona.com. Quines dades personals recollim i per qu\u00e8 les recollim Comentaris: Quan els visitants deixen comentaris al lloc, recollim les dades que es mostren al formulari de comentaris, i [&hellip;]<\/p>","protected":false},"author":1,"featured_media":0,"parent":0,"menu_order":0,"comment_status":"closed","ping_status":"open","template":"","meta":{"_et_pb_use_builder":"on","_et_pb_old_content":"<h2>Who we are<\/h2><p>Our website address is: http:\/\/icmtbarcelona.com.<\/p><h2>What personal data we collect and why we collect it<\/h2><h3>Comments<\/h3><p>When visitors leave comments on the site we collect the data shown in the comments form, and also the visitor\u2019s IP address and browser user agent string to help spam detection.<\/p><p>An anonymized string created from your email address (also called a hash) may be provided to the Gravatar service to see if you are using it. The Gravatar service privacy policy is available here: https:\/\/automattic.com\/privacy\/. After approval of your comment, your profile picture is visible to the public in the context of your comment.<\/p><h3>Media<\/h3><p>If you upload images to the website, you should avoid uploading images with embedded location data (EXIF GPS) included. Visitors to the website can download and extract any location data from images on the website.<\/p><h3>Contact forms<\/h3><h3>Cookies<\/h3><p>If you leave a comment on our site you may opt-in to saving your name, email address and website in cookies. These are for your convenience so that you do not have to fill in your details again when you leave another comment. These cookies will last for one year.<\/p><p>If you have an account and you log in to this site, we will set a temporary cookie to determine if your browser accepts cookies. This cookie contains no personal data and is discarded when you close your browser.<\/p><p>When you log in, we will also set up several cookies to save your login information and your screen display choices. Login cookies last for two days, and screen options cookies last for a year. If you select \"Remember Me\", your login will persist for two weeks. If you log out of your account, the login cookies will be removed.<\/p><p>If you edit or publish an article, an additional cookie will be saved in your browser. This cookie includes no personal data and simply indicates the post ID of the article you just edited. It expires after 1 day.<\/p><h3>Embedded content from other websites<\/h3><p>Articles on this site may include embedded content (e.g. videos, images, articles, etc.). Embedded content from other websites behaves in the exact same way as if the visitor has visited the other website.<\/p><p>These websites may collect data about you, use cookies, embed additional third-party tracking, and monitor your interaction with that embedded content, including tracing your interaction with the embedded content if you have an account and are logged in to that website.<\/p><h3>Analytics<\/h3><h2>Who we share your data with<\/h2><h2>How long we retain your data<\/h2><p>If you leave a comment, the comment and its metadata are retained indefinitely. This is so we can recognize and approve any follow-up comments automatically instead of holding them in a moderation queue.<\/p><p>For users that register on our website (if any), we also store the personal information they provide in their user profile. All users can see, edit, or delete their personal information at any time (except they cannot change their username). Website administrators can also see and edit that information.<\/p><h2>What rights you have over your data<\/h2><p>If you have an account on this site, or have left comments, you can request to receive an exported file of the personal data we hold about you, including any data you have provided to us. You can also request that we erase any personal data we hold about you. This does not include any data we are obliged to keep for administrative, legal, or security purposes.<\/p><h2>Where we send your data<\/h2><p>Visitor comments may be checked through an automated spam detection service.<\/p><h2>Your contact information<\/h2><h2>Additional information<\/h2><h3>How we protect your data<\/h3><h3>What data breach procedures we have in place<\/h3><h3>What third parties we receive data from<\/h3><h3>What automated decision making and\/or profiling we do with user data<\/h3><h3>Industry regulatory disclosure requirements<\/h3>","_et_gb_content_width":""},"yoast_head":"<!-- This site is optimized with the Yoast SEO plugin v19.9 - https:\/\/yoast.com\/wordpress\/plugins\/seo\/ -->\n<title>Pol\u00edtica de privacitat - Institut Catal\u00e0 de Musicoter\u00e0pia<\/title>\n<meta name=\"description\" content=\"Pol\u00edtica de privacitat de l&#039;Institut Catal\u00e0 de Musicoter\u00e0pia. Condicions d&#039;\u00fas de la web de l&#039;Institut Catal\u00e0 de Musicoter\u00e0pia\" \/>\n<meta name=\"robots\" content=\"index, follow, max-snippet:-1, max-image-preview:large, max-video-preview:-1\" \/>\n<link rel=\"canonical\" href=\"https:\/\/icmtbarcelona.com\/es\/politica-de-privacitat\/\" \/>\n<meta property=\"og:locale\" content=\"es_ES\" \/>\n<meta property=\"og:type\" content=\"article\" \/>\n<meta property=\"og:title\" content=\"Pol\u00edtica de privacitat - Institut Catal\u00e0 de Musicoter\u00e0pia\" \/>\n<meta property=\"og:description\" content=\"Pol\u00edtica de privacitat de l&#039;Institut Catal\u00e0 de Musicoter\u00e0pia. Condicions d&#039;\u00fas de la web de l&#039;Institut Catal\u00e0 de Musicoter\u00e0pia\" \/>\n<meta property=\"og:url\" content=\"https:\/\/icmtbarcelona.com\/es\/politica-de-privacitat\/\" \/>\n<meta property=\"og:site_name\" content=\"Institut Catal\u00e0 de Musicoter\u00e0pia\" \/>\n<meta property=\"article:modified_time\" content=\"2022-07-19T20:03:02+00:00\" \/>\n<meta name=\"twitter:card\" content=\"summary_large_image\" \/>\n<meta name=\"twitter:label1\" content=\"Tiempo de lectura\" \/>\n\t<meta name=\"twitter:data1\" content=\"6 minutos\" \/>\n<script type=\"application\/ld+json\" class=\"yoast-schema-graph\">{\"@context\":\"https:\/\/schema.org\",\"@graph\":[{\"@type\":\"WebPage\",\"@id\":\"https:\/\/icmtbarcelona.com\/politica-de-privacitat\/\",\"url\":\"https:\/\/icmtbarcelona.com\/politica-de-privacitat\/\",\"name\":\"Pol\u00edtica de privacitat - Institut Catal\u00e0 de Musicoter\u00e0pia\",\"isPartOf\":{\"@id\":\"https:\/\/icmtbarcelona.com\/#website\"},\"datePublished\":\"2018-05-27T19:41:47+00:00\",\"dateModified\":\"2022-07-19T20:03:02+00:00\",\"description\":\"Pol\u00edtica de privacitat de l'Institut Catal\u00e0 de Musicoter\u00e0pia. Condicions d'\u00fas de la web de l'Institut Catal\u00e0 de Musicoter\u00e0pia\",\"breadcrumb\":{\"@id\":\"https:\/\/icmtbarcelona.com\/politica-de-privacitat\/#breadcrumb\"},\"inLanguage\":\"es\",\"potentialAction\":[{\"@type\":\"ReadAction\",\"target\":[\"https:\/\/icmtbarcelona.com\/politica-de-privacitat\/\"]}]},{\"@type\":\"BreadcrumbList\",\"@id\":\"https:\/\/icmtbarcelona.com\/politica-de-privacitat\/#breadcrumb\",\"itemListElement\":[{\"@type\":\"ListItem\",\"position\":1,\"name\":\"Portada\",\"item\":\"https:\/\/icmtbarcelona.com\/\"},{\"@type\":\"ListItem\",\"position\":2,\"name\":\"Pol\u00edtica de privacitat\"}]},{\"@type\":\"WebSite\",\"@id\":\"https:\/\/icmtbarcelona.com\/#website\",\"url\":\"https:\/\/icmtbarcelona.com\/\",\"name\":\"Institut Catal\u00e0 de Musicoter\u00e0pia\",\"description\":\"Institut Catal\u00e0 de Musicoter\u00e0pia\",\"potentialAction\":[{\"@type\":\"SearchAction\",\"target\":{\"@type\":\"EntryPoint\",\"urlTemplate\":\"https:\/\/icmtbarcelona.com\/?s={search_term_string}\"},\"query-input\":\"required name=search_term_string\"}],\"inLanguage\":\"es\"}]}<\/script>\n<!-- \/ Yoast SEO plugin. -->","yoast_head_json":{"title":"Pol\u00edtica de privacitat - Institut Catal\u00e0 de Musicoter\u00e0pia","description":"Pol\u00edtica de privacitat de l'Institut Catal\u00e0 de Musicoter\u00e0pia. Condicions d'\u00fas de la web de l'Institut Catal\u00e0 de Musicoter\u00e0pia","robots":{"index":"index","follow":"follow","max-snippet":"max-snippet:-1","max-image-preview":"max-image-preview:large","max-video-preview":"max-video-preview:-1"},"canonical":"https:\/\/icmtbarcelona.com\/es\/politica-de-privacitat\/","og_locale":"es_ES","og_type":"article","og_title":"Pol\u00edtica de privacitat - Institut Catal\u00e0 de Musicoter\u00e0pia","og_description":"Pol\u00edtica de privacitat de l'Institut Catal\u00e0 de Musicoter\u00e0pia. Condicions d'\u00fas de la web de l'Institut Catal\u00e0 de Musicoter\u00e0pia","og_url":"https:\/\/icmtbarcelona.com\/es\/politica-de-privacitat\/","og_site_name":"Institut Catal\u00e0 de Musicoter\u00e0pia","article_modified_time":"2022-07-19T20:03:02+00:00","twitter_card":"summary_large_image","twitter_misc":{"Tiempo de lectura":"6 minutos"},"schema":{"@context":"https:\/\/schema.org","@graph":[{"@type":"WebPage","@id":"https:\/\/icmtbarcelona.com\/politica-de-privacitat\/","url":"https:\/\/icmtbarcelona.com\/politica-de-privacitat\/","name":"Pol\u00edtica de privacitat - Institut Catal\u00e0 de Musicoter\u00e0pia","isPartOf":{"@id":"https:\/\/icmtbarcelona.com\/#website"},"datePublished":"2018-05-27T19:41:47+00:00","dateModified":"2022-07-19T20:03:02+00:00","description":"Pol\u00edtica de privacitat de l'Institut Catal\u00e0 de Musicoter\u00e0pia. Condicions d'\u00fas de la web de l'Institut Catal\u00e0 de Musicoter\u00e0pia","breadcrumb":{"@id":"https:\/\/icmtbarcelona.com\/politica-de-privacitat\/#breadcrumb"},"inLanguage":"es","potentialAction":[{"@type":"ReadAction","target":["https:\/\/icmtbarcelona.com\/politica-de-privacitat\/"]}]},{"@type":"BreadcrumbList","@id":"https:\/\/icmtbarcelona.com\/politica-de-privacitat\/#breadcrumb","itemListElement":[{"@type":"ListItem","position":1,"name":"Portada","item":"https:\/\/icmtbarcelona.com\/"},{"@type":"ListItem","position":2,"name":"Pol\u00edtica de privacitat"}]},{"@type":"WebSite","@id":"https:\/\/icmtbarcelona.com\/#website","url":"https:\/\/icmtbarcelona.com\/","name":"Institut Catal\u00e0 de Musicoter\u00e0pia","description":"Institut Catal\u00e0 de Musicoter\u00e0pia","potentialAction":[{"@type":"SearchAction","target":{"@type":"EntryPoint","urlTemplate":"https:\/\/icmtbarcelona.com\/?s={search_term_string}"},"query-input":"required name=search_term_string"}],"inLanguage":"es"}]}},"_links":{"self":[{"href":"https:\/\/icmtbarcelona.com\/es\/wp-json\/wp\/v2\/pages\/3"}],"collection":[{"href":"https:\/\/icmtbarcelona.com\/es\/wp-json\/wp\/v2\/pages"}],"about":[{"href":"https:\/\/icmtbarcelona.com\/es\/wp-json\/wp\/v2\/types\/page"}],"author":[{"embeddable":true,"href":"https:\/\/icmtbarcelona.com\/es\/wp-json\/wp\/v2\/users\/1"}],"replies":[{"embeddable":true,"href":"https:\/\/icmtbarcelona.com\/es\/wp-json\/wp\/v2\/comments?post=3"}],"version-history":[{"count":6,"href":"https:\/\/icmtbarcelona.com\/es\/wp-json\/wp\/v2\/pages\/3\/revisions"}],"predecessor-version":[{"id":1410,"href":"https:\/\/icmtbarcelona.com\/es\/wp-json\/wp\/v2\/pages\/3\/revisions\/1410"}],"wp:attachment":[{"href":"https:\/\/icmtbarcelona.com\/es\/wp-json\/wp\/v2\/media?parent=3"}],"curies":[{"name":"wp","href":"https:\/\/api.w.org\/{rel}","templated":true}]}}